{"id":2245,"date":"2023-06-09T12:57:35","date_gmt":"2023-06-09T12:57:35","guid":{"rendered":"https:\/\/idbv.dev\/clients\/rzr\/kopfschmerzen-migraene\/"},"modified":"2025-02-07T12:23:01","modified_gmt":"2025-02-07T12:23:01","slug":"kopfschmerzen-migraene","status":"publish","type":"page","link":"https:\/\/rugzorgroermond.nl\/de\/kopfschmerzen-migraene\/","title":{"rendered":"Kopfschmerzen, Migr\u00e4ne"},"content":{"rendered":"\t\t<div data-elementor-type=\"wp-post\" data-elementor-id=\"2245\" class=\"elementor elementor-2245 elementor-933\">\n\t\t\t\t\t\t<section class=\"elementor-section elementor-top-section elementor-element elementor-element-137d765 elementor-section-height-min-height elementor-section-items-bottom elementor-section-content-bottom elementor-section-boxed elementor-section-height-default\" data-id=\"137d765\" data-element_type=\"section\" data-settings=\"{&quot;jet_parallax_layout_list&quot;:[{&quot;jet_parallax_layout_image&quot;:{&quot;url&quot;:&quot;&quot;,&quot;id&quot;:&quot;&quot;,&quot;size&quot;:&quot;&quot;},&quot;_id&quot;:&quot;58ca185&quot;,&quot;jet_parallax_layout_image_tablet&quot;:{&quot;url&quot;:&quot;&quot;,&quot;id&quot;:&quot;&quot;,&quot;size&quot;:&quot;&quot;},&quot;jet_parallax_layout_image_mobile&quot;:{&quot;url&quot;:&quot;&quot;,&quot;id&quot;:&quot;&quot;,&quot;size&quot;:&quot;&quot;},&quot;jet_parallax_layout_speed&quot;:{&quot;unit&quot;:&quot;%&quot;,&quot;size&quot;:50,&quot;sizes&quot;:[]},&quot;jet_parallax_layout_type&quot;:&quot;scroll&quot;,&quot;jet_parallax_layout_direction&quot;:null,&quot;jet_parallax_layout_fx_direction&quot;:null,&quot;jet_parallax_layout_z_index&quot;:&quot;&quot;,&quot;jet_parallax_layout_bg_x&quot;:50,&quot;jet_parallax_layout_bg_x_tablet&quot;:&quot;&quot;,&quot;jet_parallax_layout_bg_x_mobile&quot;:&quot;&quot;,&quot;jet_parallax_layout_bg_y&quot;:50,&quot;jet_parallax_layout_bg_y_tablet&quot;:&quot;&quot;,&quot;jet_parallax_layout_bg_y_mobile&quot;:&quot;&quot;,&quot;jet_parallax_layout_bg_size&quot;:&quot;auto&quot;,&quot;jet_parallax_layout_bg_size_tablet&quot;:&quot;&quot;,&quot;jet_parallax_layout_bg_size_mobile&quot;:&quot;&quot;,&quot;jet_parallax_layout_animation_prop&quot;:&quot;transform&quot;,&quot;jet_parallax_layout_on&quot;:[&quot;desktop&quot;,&quot;tablet&quot;]}],&quot;background_background&quot;:&quot;classic&quot;}\">\n\t\t\t\t\t\t\t<div class=\"elementor-background-overlay\"><\/div>\n\t\t\t\t\t\t\t<div class=\"elementor-container elementor-column-gap-default\">\n\t\t\t\t\t<div class=\"elementor-column elementor-col-100 elementor-top-column elementor-element elementor-element-8ff947b\" data-id=\"8ff947b\" data-element_type=\"column\">\n\t\t\t<div class=\"elementor-widget-wrap\">\n\t\t\t\t\t\t\t<\/div>\n\t\t<\/div>\n\t\t\t\t\t<\/div>\n\t\t<\/section>\n\t\t\t\t<section class=\"elementor-section elementor-top-section elementor-element elementor-element-0eae952 elementor-section-boxed elementor-section-height-default elementor-section-height-default\" data-id=\"0eae952\" data-element_type=\"section\" data-settings=\"{&quot;jet_parallax_layout_list&quot;:[{&quot;jet_parallax_layout_image&quot;:{&quot;url&quot;:&quot;&quot;,&quot;id&quot;:&quot;&quot;,&quot;size&quot;:&quot;&quot;},&quot;_id&quot;:&quot;0c806b1&quot;,&quot;jet_parallax_layout_image_tablet&quot;:{&quot;url&quot;:&quot;&quot;,&quot;id&quot;:&quot;&quot;,&quot;size&quot;:&quot;&quot;},&quot;jet_parallax_layout_image_mobile&quot;:{&quot;url&quot;:&quot;&quot;,&quot;id&quot;:&quot;&quot;,&quot;size&quot;:&quot;&quot;},&quot;jet_parallax_layout_speed&quot;:{&quot;unit&quot;:&quot;%&quot;,&quot;size&quot;:50,&quot;sizes&quot;:[]},&quot;jet_parallax_layout_type&quot;:&quot;scroll&quot;,&quot;jet_parallax_layout_direction&quot;:null,&quot;jet_parallax_layout_fx_direction&quot;:null,&quot;jet_parallax_layout_z_index&quot;:&quot;&quot;,&quot;jet_parallax_layout_bg_x&quot;:50,&quot;jet_parallax_layout_bg_x_tablet&quot;:&quot;&quot;,&quot;jet_parallax_layout_bg_x_mobile&quot;:&quot;&quot;,&quot;jet_parallax_layout_bg_y&quot;:50,&quot;jet_parallax_layout_bg_y_tablet&quot;:&quot;&quot;,&quot;jet_parallax_layout_bg_y_mobile&quot;:&quot;&quot;,&quot;jet_parallax_layout_bg_size&quot;:&quot;auto&quot;,&quot;jet_parallax_layout_bg_size_tablet&quot;:&quot;&quot;,&quot;jet_parallax_layout_bg_size_mobile&quot;:&quot;&quot;,&quot;jet_parallax_layout_animation_prop&quot;:&quot;transform&quot;,&quot;jet_parallax_layout_on&quot;:[&quot;desktop&quot;,&quot;tablet&quot;]}]}\">\n\t\t\t\t\t\t<div class=\"elementor-container elementor-column-gap-default\">\n\t\t\t\t\t<div class=\"elementor-column elementor-col-50 elementor-top-column elementor-element elementor-element-4195130\" data-id=\"4195130\" data-element_type=\"column\">\n\t\t\t<div class=\"elementor-widget-wrap elementor-element-populated\">\n\t\t\t\t\t\t<div class=\"elementor-element elementor-element-8e6d0a1 elementor-widget elementor-widget-text-editor\" data-id=\"8e6d0a1\" data-element_type=\"widget\" data-widget_type=\"text-editor.default\">\n\t\t\t\t<div class=\"elementor-widget-container\">\n\t\t\t\t\t\t\t\t\t<h2>Kopfschmerzen und Migr\u00e4ne <\/h2>\n<p>Kopfschmerzen und Migr\u00e4ne kommen sowohl bei jungen als auch bei \u00e4lteren Menschen relativ h\u00e4ufig vor. Obwohl Medikamente kurzfristig Linderung verschaffen k\u00f6nnen, sind sie aufgrund von Nebenwirkungen und Symptomunterdr\u00fcckung keine ideale Langzeitl\u00f6sung. Die Chiropraktik bietet eine sichere und wirksame Alternative, bei der die zugrunde liegende Ursache im Vordergrund steht und nicht nur die Symptome behandelt werden.   <\/p>\n<h3>Die Rolle der Wirbels\u00e4ule bei Kopfschmerzen und Migr\u00e4ne <\/h3>\n<p>Eine h\u00e4ufige Ursache von Kopfschmerzen und Migr\u00e4ne liegt in der Wirbels\u00e4ule, insbesondere im Nacken, im oberen R\u00fccken und manchmal sogar im unteren R\u00fccken. Wenn ein Wirbel nicht richtig funktioniert oder sich in seiner falschen Position befindet (Wirbelsubluxation), kann dies zu Folgendem f\u00fchren: <\/p>\n<ul>\n<li>Nervenreizung: Die Fehlstellung der Wirbel kann Druck auf die Nerven aus\u00fcben oder diese reizen, wodurch die normale Signal\u00fcbertragung zwischen dem Nervensystem und dem Rest des K\u00f6rpers gest\u00f6rt wird. <\/li>\n<li>Muskelprobleme: H\u00e4ufig kommt es dabei zu verst\u00e4rkten Muskelverspannungen oder Kr\u00e4mpfen im Nacken- und R\u00fcckenbereich, die wiederum Kopfschmerzen oder Migr\u00e4ne ausl\u00f6sen k\u00f6nnen. <\/li>\n<li>Blutfluss zum Gehirn: Bei Migr\u00e4ne k\u00f6nnen Wirbelsubluxationen auch die Nervenkontrolle des Blutflusses zum Gehirn beeintr\u00e4chtigen. Dies kann zu einer Verengung und Erweiterung der Blutgef\u00e4\u00dfe f\u00fchren und schwere Kopfschmerzen, \u00dcbelkeit und Aura-Symptome (wie Lichtblitze oder Lichtempfindlichkeit) verursachen.  <\/li>\n<\/ul>\n<h3>Ausl\u00f6ser und Faktoren<\/h3>\n<p>Migr\u00e4ne und Kopfschmerzen werden oft beeinflusst durch:<\/p>\n<ul>\n<li> Stress und Muskelverspannungen: Erh\u00f6hte Muskelverspannungen w\u00e4hrend Stressphasen k\u00f6nnen die H\u00e4ufigkeit und Schwere der Anf\u00e4lle erh\u00f6hen. <\/li>\n<li>Ern\u00e4hrung und Lebensstil: Ausl\u00f6ser wie Schokolade, Alkohol und bestimmte Nahrungsmittel k\u00f6nnen einen Anfall ausl\u00f6sen.<\/li>\n<\/ul>\n<h3>Wie Chiropraktik funktioniert<\/h3>\n<p>Die Chiropraktik konzentriert sich auf die Wiederherstellung der normalen Funktion der Wirbels\u00e4ule und des Nervensystems. Unser Ansatz umfasst: <\/p>\n<ol>\n<li>Korrektur von Bewegungsst\u00f6rungen der Wirbels\u00e4ule: Durch gezielte und sanfte Justierungen werden die Wirbel in die richtige Position gebracht, wodurch Nervenreizungen gemindert und Muskelspannungen normalisiert werden. <\/li>\n<li>Korrektur von Bewegungsfunktionsst\u00f6rungen der Wirbels\u00e4ule: Durch gezielte und sanfte Anpassungen werden die Wirbel in die richtige Ausrichtung gebracht. Verbesserung der Nervenfunktion: Chiropraktik hilft dem Nervensystem, optimal zu funktionieren, was sich positiv auf die Regulierung von Muskeln und Blutgef\u00e4\u00dfen auswirkt, Nervenreizungen reduziert und Muskelspannungen normalisiert. <\/li>\n<li>Pr\u00e4vention und Unterst\u00fctzung: Wir bieten einen personalisierten Plan mit \u00dcbungen und Lebensstilberatung, um Kopfschmerzen und Migr\u00e4ne langfristig vorzubeugen. Regelm\u00e4\u00dfige Besuche beim Chiropraktiker k\u00f6nnen zum anhaltenden Wohlbefinden beitragen und Beschwerden vorbeugen.  <\/li>\n<\/ol>\n<h3>Wissenschaftlich fundiert<\/h3>\n<p>Untersucht wurde, dass chiropraktische Patienten vor einigen Jahren eine Migr\u00e4ne-Wirkung haben k\u00f6nnten. Eine im Journal of Manipulative and Physiological Therapeutics ver\u00f6ffentlichte Studie besagt, dass Chiropraktiker h\u00e4ufige Erkrankungen w\u00e4hrend einer intensiven Migr\u00e4neerkrankung verursachen k\u00f6nnen. Es ist jedoch klar, dass der Patient sich nicht um Medikamente k\u00fcmmern muss.   <\/p>\n<h3>Warum Kiezen f\u00fcr Chiropraktik?<\/h3>\n<p>Unser ganzheitlicher und sicherer Ansatz konzentriert sich auf die Verbesserung der Lebensqualit\u00e4t durch die Beseitigung der Ursache Ihrer Beschwerden. Unter Ber\u00fccksichtigung Ihrer individuellen Bed\u00fcrfnisse arbeiten wir mit Ihnen zusammen, um eine Zukunft ohne einschr\u00e4nkende Kopfschmerzen oder Migr\u00e4ne zu schaffen.  <\/p>\n<p>Leiden Sie unter Kopfschmerzen oder Migr\u00e4ne? <a href=\"https:\/\/rugzorgroermond.nl\/de\/kontakt\/\">Kontaktieren<\/a> Sie uns und finden Sie heraus, wie Chiropraktik Ihnen helfen kann.  <\/p>\n\t\t\t\t\t\t\t\t<\/div>\n\t\t\t\t<\/div>\n\t\t\t\t\t<\/div>\n\t\t<\/div>\n\t\t\t\t<div class=\"elementor-column elementor-col-50 elementor-top-column elementor-element elementor-element-3bd5402\" data-id=\"3bd5402\" data-element_type=\"column\">\n\t\t\t<div class=\"elementor-widget-wrap elementor-element-populated\">\n\t\t\t\t\t\t<div class=\"elementor-element elementor-element-0a9b6dd elementor-widget elementor-widget-heading\" data-id=\"0a9b6dd\" data-element_type=\"widget\" data-widget_type=\"heading.default\">\n\t\t\t\t<div class=\"elementor-widget-container\">\n\t\t\t\t\t<h2 class=\"elementor-heading-title elementor-size-default\">Reklamationen<\/h2>\t\t\t\t<\/div>\n\t\t\t\t<\/div>\n\t\t\t\t<div class=\"elementor-element elementor-element-3e77b40 elementor-widget elementor-widget-raven-divider\" data-id=\"3e77b40\" data-element_type=\"widget\" data-widget_type=\"raven-divider.default\">\n\t\t\t\t<div class=\"elementor-widget-container\">\n\t\t\t\t\t\t\t<div class=\"raven-widget-wrapper\">\n\t\t\t<div class=\"raven-divider\">\n\t\t\t\t<span class=\"raven-divider-line raven-divider-solid\"><\/span>\n\t\t\t<\/div>\n\t\t<\/div>\n\t\t\t\t\t\t<\/div>\n\t\t\t\t<\/div>\n\t\t\t\t<div class=\"elementor-element elementor-element-0c5271e elementor-widget elementor-widget-jet-custom-menu\" data-id=\"0c5271e\" data-element_type=\"widget\" data-widget_type=\"jet-custom-menu.default\">\n\t\t\t\t<div class=\"elementor-widget-container\">\n\t\t\t\t\t<div class=\"menu-beschwerden-container\"><div class=\"jet-custom-nav jet-custom-nav--dropdown-right-side jet-custom-nav--animation-fade\"><div class=\"menu-item menu-item-type-post_type menu-item-object-page jet-custom-nav__item jet-custom-nav__item-2314\"><a href=\"https:\/\/rugzorgroermond.nl\/de\/unterer-rueckenschmerz-ischias\/\" class=\"jet-custom-nav__item-link\"><span class=\"jet-menu-link-text\"><span class=\"jet-custom-item-label top-level-label\">(unterer) R\u00fcckenschmerz, Ischias<\/span><\/span><\/a><\/div>\n<div class=\"menu-item menu-item-type-post_type menu-item-object-page jet-custom-nav__item jet-custom-nav__item-2315\"><a href=\"https:\/\/rugzorgroermond.nl\/de\/nacken-schulter-und-armbeschwerden\/\" class=\"jet-custom-nav__item-link\"><span class=\"jet-menu-link-text\"><span class=\"jet-custom-item-label top-level-label\">Nacken-, Schulter- und Armbeschwerden<\/span><\/span><\/a><\/div>\n<div class=\"menu-item menu-item-type-post_type menu-item-object-page jet-custom-nav__item jet-custom-nav__item-2316\"><a href=\"https:\/\/rugzorgroermond.nl\/de\/frozen-shoulder\/\" class=\"jet-custom-nav__item-link\"><span class=\"jet-menu-link-text\"><span class=\"jet-custom-item-label top-level-label\">Frozen shoulder<\/span><\/span><\/a><\/div>\n<div class=\"menu-item menu-item-type-post_type menu-item-object-page jet-custom-nav__item jet-custom-nav__item-2317\"><a href=\"https:\/\/rugzorgroermond.nl\/de\/kopfschmerzen-migraene\/\" class=\"jet-custom-nav__item-link\"><span class=\"jet-menu-link-text\"><span class=\"jet-custom-item-label top-level-label\">Kopfschmerzen, Migr\u00e4ne<\/span><\/span><\/a><\/div>\n<div class=\"menu-item menu-item-type-post_type menu-item-object-page jet-custom-nav__item jet-custom-nav__item-2318\"><a href=\"https:\/\/rugzorgroermond.nl\/de\/hernia\/\" class=\"jet-custom-nav__item-link\"><span class=\"jet-menu-link-text\"><span class=\"jet-custom-item-label top-level-label\">Hernia<\/span><\/span><\/a><\/div>\n<div class=\"menu-item menu-item-type-post_type menu-item-object-page jet-custom-nav__item jet-custom-nav__item-2319\"><a href=\"https:\/\/rugzorgroermond.nl\/de\/arthrose\/\" class=\"jet-custom-nav__item-link\"><span class=\"jet-menu-link-text\"><span class=\"jet-custom-item-label top-level-label\">Arthrose<\/span><\/span><\/a><\/div>\n<div class=\"menu-item menu-item-type-post_type menu-item-object-page jet-custom-nav__item jet-custom-nav__item-2320\"><a href=\"https:\/\/rugzorgroermond.nl\/de\/schleudertrauma\/\" class=\"jet-custom-nav__item-link\"><span class=\"jet-menu-link-text\"><span class=\"jet-custom-item-label top-level-label\">Schleudertrauma<\/span><\/span><\/a><\/div>\n<div class=\"menu-item menu-item-type-post_type menu-item-object-page jet-custom-nav__item jet-custom-nav__item-2321\"><a href=\"https:\/\/rugzorgroermond.nl\/de\/rsi\/\" class=\"jet-custom-nav__item-link\"><span class=\"jet-menu-link-text\"><span class=\"jet-custom-item-label top-level-label\">RSI<\/span><\/span><\/a><\/div>\n<div class=\"menu-item menu-item-type-post_type menu-item-object-page jet-custom-nav__item jet-custom-nav__item-2322\"><a href=\"https:\/\/rugzorgroermond.nl\/de\/sportverletzungen\/\" class=\"jet-custom-nav__item-link\"><span class=\"jet-menu-link-text\"><span class=\"jet-custom-item-label top-level-label\">Sportverletzungen<\/span><\/span><\/a><\/div>\n<div class=\"menu-item menu-item-type-post_type menu-item-object-page jet-custom-nav__item jet-custom-nav__item-2323\"><a href=\"https:\/\/rugzorgroermond.nl\/de\/schwangerschaft\/\" class=\"jet-custom-nav__item-link\"><span class=\"jet-menu-link-text\"><span class=\"jet-custom-item-label top-level-label\">Schwangerschaft<\/span><\/span><\/a><\/div>\n<div class=\"menu-item menu-item-type-post_type menu-item-object-page jet-custom-nav__item jet-custom-nav__item-2324\"><a href=\"https:\/\/rugzorgroermond.nl\/de\/schreiende-babys-oder-koliken\/\" class=\"jet-custom-nav__item-link\"><span class=\"jet-menu-link-text\"><span class=\"jet-custom-item-label top-level-label\">Schreiende Babys oder Koliken<\/span><\/span><\/a><\/div>\n<\/div><\/div>\t\t\t\t<\/div>\n\t\t\t\t<\/div>\n\t\t\t\t\t<\/div>\n\t\t<\/div>\n\t\t\t\t\t<\/div>\n\t\t<\/section>\n\t\t\t\t<\/div>\n\t\t","protected":false},"excerpt":{"rendered":"<p>Kopfschmerzen und Migr\u00e4ne Kopfschmerzen und Migr\u00e4ne kommen sowohl bei jungen als auch bei \u00e4lteren Menschen relativ h\u00e4ufig vor. Obwohl Medikamente kurzfristig Linderung verschaffen k\u00f6nnen, sind sie aufgrund von Nebenwirkungen und Symptomunterdr\u00fcckung keine ideale Langzeitl\u00f6sung. Die Chiropraktik bietet eine sichere und wirksame Alternative, bei der die zugrunde liegende Ursache im Vordergrund steht und nicht nur die [&hellip;]<\/p>\n","protected":false},"author":1,"featured_media":0,"parent":0,"menu_order":0,"comment_status":"closed","ping_status":"closed","template":"full-width.php","meta":{"_acf_changed":false,"footnotes":""},"class_list":["post-2245","page","type-page","status-publish","hentry"],"acf":[],"_links":{"self":[{"href":"https:\/\/rugzorgroermond.nl\/de\/wp-json\/wp\/v2\/pages\/2245","targetHints":{"allow":["GET"]}}],"collection":[{"href":"https:\/\/rugzorgroermond.nl\/de\/wp-json\/wp\/v2\/pages"}],"about":[{"href":"https:\/\/rugzorgroermond.nl\/de\/wp-json\/wp\/v2\/types\/page"}],"author":[{"embeddable":true,"href":"https:\/\/rugzorgroermond.nl\/de\/wp-json\/wp\/v2\/users\/1"}],"replies":[{"embeddable":true,"href":"https:\/\/rugzorgroermond.nl\/de\/wp-json\/wp\/v2\/comments?post=2245"}],"version-history":[{"count":1,"href":"https:\/\/rugzorgroermond.nl\/de\/wp-json\/wp\/v2\/pages\/2245\/revisions"}],"predecessor-version":[{"id":2246,"href":"https:\/\/rugzorgroermond.nl\/de\/wp-json\/wp\/v2\/pages\/2245\/revisions\/2246"}],"wp:attachment":[{"href":"https:\/\/rugzorgroermond.nl\/de\/wp-json\/wp\/v2\/media?parent=2245"}],"curies":[{"name":"wp","href":"https:\/\/api.w.org\/{rel}","templated":true}]}}